{"id":1140,"date":"2017-10-27T10:49:21","date_gmt":"2017-10-27T08:49:21","guid":{"rendered":"https:\/\/www.rks.sk\/?page_id=1140"},"modified":"2017-11-03T14:51:19","modified_gmt":"2017-11-03T13:51:19","slug":"dienstleistungen","status":"publish","type":"page","link":"https:\/\/www.rks.sk\/de\/dienstleistungen\/","title":{"rendered":"Dienstleistungen"},"content":{"rendered":"<div class=\"wpb-content-wrapper\"><p>[vc_row equal_height=&#8220;yes&#8220; content_placement=&#8220;middle&#8220; el_class=&#8220;sluzby kontent zvaranie&#8220;][vc_column width=&#8220;1\/2&#8243; el_class=&#8220;obrazok&#8220;]<div id=\"ult-carousel-315549819069f347bb6d106\" class=\"ult-carousel-wrapper   ult_horizontal\" data-gutter=\"15\" data-rtl=\"false\" ><div class=\"ult-carousel-254283578269f347bb6cfa1 \" >[vc_single_image image=&#8220;795&#8243; img_size=&#8220;600&#215;400&#8243; alignment=&#8220;center&#8220; onclick=&#8220;link_image&#8220;][vc_single_image image=&#8220;796&#8243; img_size=&#8220;600&#215;400&#8243; alignment=&#8220;center&#8220; onclick=&#8220;link_image&#8220;][vc_single_image image=&#8220;797&#8243; img_size=&#8220;600&#215;400&#8243; alignment=&#8220;center&#8220; onclick=&#8220;link_image&#8220;][vc_single_image image=&#8220;819&#8243; img_size=&#8220;600&#215;400&#8243; alignment=&#8220;center&#8220; onclick=&#8220;link_image&#8220;][vc_single_image image=&#8220;817&#8243; img_size=&#8220;600&#215;400&#8243; alignment=&#8220;center&#8220; onclick=&#8220;link_image&#8220;]<\/div><\/div>\t\t\t<script type=\"text\/javascript\">\n\t\t\t\tjQuery(document).ready(function ($) {\n\t\t\t\t\tif( typeof jQuery('.ult-carousel-254283578269f347bb6cfa1').slick == \"function\"){\n\t\t\t\t\t\t$('.ult-carousel-254283578269f347bb6cfa1').slick({dots: true,autoplaySpeed: \"5000\",speed: \"300\",infinite: true,arrows: false,slidesToScroll:1,slidesToShow:1,swipe: true,draggable: true,touchMove: true,pauseOnHover: true,pauseOnFocus: false,responsive: [\n\t\t\t\t\t\t\t{\n\t\t\t\t\t\t\t  breakpoint: 1026,\n\t\t\t\t\t\t\t  settings: {\n\t\t\t\t\t\t\t\tslidesToShow: 1,\n\t\t\t\t\t\t\t\tslidesToScroll: 1,  \n\t\t\t\t\t\t\t  }\n\t\t\t\t\t\t\t},\n\t\t\t\t\t\t\t{\n\t\t\t\t\t\t\t  breakpoint: 1025,\n\t\t\t\t\t\t\t  settings: {\n\t\t\t\t\t\t\t\tslidesToShow: 1,\n\t\t\t\t\t\t\t\tslidesToScroll: 1\n\t\t\t\t\t\t\t  }\n\t\t\t\t\t\t\t},\n\t\t\t\t\t\t\t{\n\t\t\t\t\t\t\t  breakpoint: 760,\n\t\t\t\t\t\t\t  settings: {\n\t\t\t\t\t\t\t\tslidesToShow: 1,\n\t\t\t\t\t\t\t\tslidesToScroll: 1\n\t\t\t\t\t\t\t  }\n\t\t\t\t\t\t\t}\n\t\t\t\t\t\t],pauseOnDotsHover: true,customPaging: function(slider, i) {\n                   return '<i type=\"button\" style= \"color:#003399;\" class=\"ultsl-stop\" data-role=\"none\"><\/i>';\n                },});\n\t\t\t\t\t}\n\t\t\t\t});\n\t\t\t<\/script>\n\t\t\t[\/vc_column][vc_column width=&#8220;1\/2&#8243; el_class=&#8220;text&#8220;][vc_column_text el_class=&#8220;nadpis&#8220;]<\/p>\n<h2>Schweissen<\/h2>\n<p>[\/vc_column_text][vc_column_text]Schwei\u00dfarbeiten finden CO<sub>2<\/sub> mit MAG- und TIG\/MIG-Methoden statt.<\/p>\n<p>Zur Verf\u00fcgung stehen <strong>30 Schwei\u00dfaggregate<\/strong>\u00a0der Marke LORCH und ESAB und\u00a0<strong>24 Schwei\u00dfarbeitspl\u00e4tze<\/strong> im Zweischichtbetrieb mit der M\u00f6glichkeit, Teile bis zu 10 m und einem Gewicht bis 15 Tonnen zu schwei\u00dfen.<\/p>\n<p>Zur Verf\u00fcgung steht auch eine <strong>Richtpresse<\/strong>\u00a0bis 6 m Gr\u00f6\u00dfe.[\/vc_column_text][\/vc_column][\/vc_row][vc_row full_width=&#8220;stretch_row&#8220; equal_height=&#8220;yes&#8220; content_placement=&#8220;middle&#8220; bg_type=&#8220;bg_color&#8220; el_class=&#8220;sluzby kontent opracovanie&#8220; bg_color_value=&#8220;#f2f2f2&#8243;][vc_column width=&#8220;1\/2&#8243; el_class=&#8220;text&#8220;][vc_column_text el_class=&#8220;nadpis&#8220;]<\/p>\n<h2>Mechanische Bearbeitung<\/h2>\n<p>[\/vc_column_text][vc_column_text]Die mechanische Bearbeitung findet in zwei Produktionshallen im Dauerbetrieb statt.<\/p>\n<p>Zur Verf\u00fcgung stehen <strong>12 Horizontalbearbeitungszentren<\/strong> der Marke JUARISTI, Zayer, TOS Ku\u0159im und WMC1320.[\/vc_column_text][\/vc_column][vc_column width=&#8220;1\/2&#8243; el_class=&#8220;obrazok&#8220;]<div id=\"ult-carousel-418928964069f347bb6d1e5\" class=\"ult-carousel-wrapper   ult_horizontal\" data-gutter=\"15\" data-rtl=\"false\" ><div class=\"ult-carousel-173128929869f347bb6d1ca \" >[vc_single_image image=&#8220;811&#8243; img_size=&#8220;600&#215;400&#8243; alignment=&#8220;center&#8220; onclick=&#8220;link_image&#8220;][vc_single_image image=&#8220;814&#8243; img_size=&#8220;600&#215;400&#8243; alignment=&#8220;center&#8220; onclick=&#8220;link_image&#8220;][vc_single_image image=&#8220;813&#8243; img_size=&#8220;600&#215;400&#8243; alignment=&#8220;center&#8220; onclick=&#8220;link_image&#8220;][vc_single_image image=&#8220;812&#8243; img_size=&#8220;600&#215;400&#8243; alignment=&#8220;center&#8220; onclick=&#8220;link_image&#8220;][vc_single_image image=&#8220;821&#8243; img_size=&#8220;600&#215;400&#8243; alignment=&#8220;center&#8220; onclick=&#8220;link_image&#8220;]<\/div><\/div>\t\t\t<script type=\"text\/javascript\">\n\t\t\t\tjQuery(document).ready(function ($) {\n\t\t\t\t\tif( typeof jQuery('.ult-carousel-173128929869f347bb6d1ca').slick == \"function\"){\n\t\t\t\t\t\t$('.ult-carousel-173128929869f347bb6d1ca').slick({dots: true,autoplaySpeed: \"5000\",speed: \"300\",infinite: true,arrows: false,slidesToScroll:1,slidesToShow:1,swipe: true,draggable: true,touchMove: true,pauseOnHover: true,pauseOnFocus: false,responsive: [\n\t\t\t\t\t\t\t{\n\t\t\t\t\t\t\t  breakpoint: 1026,\n\t\t\t\t\t\t\t  settings: {\n\t\t\t\t\t\t\t\tslidesToShow: 1,\n\t\t\t\t\t\t\t\tslidesToScroll: 1,  \n\t\t\t\t\t\t\t  }\n\t\t\t\t\t\t\t},\n\t\t\t\t\t\t\t{\n\t\t\t\t\t\t\t  breakpoint: 1025,\n\t\t\t\t\t\t\t  settings: {\n\t\t\t\t\t\t\t\tslidesToShow: 1,\n\t\t\t\t\t\t\t\tslidesToScroll: 1\n\t\t\t\t\t\t\t  }\n\t\t\t\t\t\t\t},\n\t\t\t\t\t\t\t{\n\t\t\t\t\t\t\t  breakpoint: 760,\n\t\t\t\t\t\t\t  settings: {\n\t\t\t\t\t\t\t\tslidesToShow: 1,\n\t\t\t\t\t\t\t\tslidesToScroll: 1\n\t\t\t\t\t\t\t  }\n\t\t\t\t\t\t\t}\n\t\t\t\t\t\t],pauseOnDotsHover: true,customPaging: function(slider, i) {\n                   return '<i type=\"button\" style= \"color:#003399;\" class=\"ultsl-stop\" data-role=\"none\"><\/i>';\n                },});\n\t\t\t\t\t}\n\t\t\t\t});\n\t\t\t<\/script>\n\t\t\t[\/vc_column][\/vc_row][vc_row equal_height=&#8220;yes&#8220; content_placement=&#8220;middle&#8220; el_class=&#8220;sluzby kontent pieskovanie&#8220; el_id=&#8220;pieskovanie&#8220;][vc_column width=&#8220;1\/2&#8243; el_class=&#8220;obrazok&#8220;]<div id=\"ult-carousel-186706040269f347bb6d2a6\" class=\"ult-carousel-wrapper   ult_horizontal\" data-gutter=\"15\" data-rtl=\"false\" ><div class=\"ult-carousel-86941486469f347bb6d28b \" >[vc_single_image image=&#8220;802&#8243; img_size=&#8220;600&#215;400&#8243; alignment=&#8220;center&#8220; onclick=&#8220;link_image&#8220;][vc_single_image image=&#8220;809&#8243; img_size=&#8220;600&#215;400&#8243; alignment=&#8220;center&#8220; onclick=&#8220;link_image&#8220;][vc_single_image image=&#8220;807&#8243; img_size=&#8220;600&#215;400&#8243; alignment=&#8220;center&#8220; onclick=&#8220;link_image&#8220;][vc_single_image image=&#8220;823&#8243; img_size=&#8220;600&#215;400&#8243; alignment=&#8220;center&#8220; onclick=&#8220;link_image&#8220;][vc_single_image image=&#8220;824&#8243; img_size=&#8220;600&#215;400&#8243; alignment=&#8220;center&#8220; onclick=&#8220;link_image&#8220;]<\/div><\/div>\t\t\t<script type=\"text\/javascript\">\n\t\t\t\tjQuery(document).ready(function ($) {\n\t\t\t\t\tif( typeof jQuery('.ult-carousel-86941486469f347bb6d28b').slick == \"function\"){\n\t\t\t\t\t\t$('.ult-carousel-86941486469f347bb6d28b').slick({dots: true,autoplaySpeed: \"5000\",speed: \"300\",infinite: true,arrows: false,slidesToScroll:1,slidesToShow:1,swipe: true,draggable: true,touchMove: true,pauseOnHover: true,pauseOnFocus: false,responsive: [\n\t\t\t\t\t\t\t{\n\t\t\t\t\t\t\t  breakpoint: 1026,\n\t\t\t\t\t\t\t  settings: {\n\t\t\t\t\t\t\t\tslidesToShow: 1,\n\t\t\t\t\t\t\t\tslidesToScroll: 1,  \n\t\t\t\t\t\t\t  }\n\t\t\t\t\t\t\t},\n\t\t\t\t\t\t\t{\n\t\t\t\t\t\t\t  breakpoint: 1025,\n\t\t\t\t\t\t\t  settings: {\n\t\t\t\t\t\t\t\tslidesToShow: 1,\n\t\t\t\t\t\t\t\tslidesToScroll: 1\n\t\t\t\t\t\t\t  }\n\t\t\t\t\t\t\t},\n\t\t\t\t\t\t\t{\n\t\t\t\t\t\t\t  breakpoint: 760,\n\t\t\t\t\t\t\t  settings: {\n\t\t\t\t\t\t\t\tslidesToShow: 1,\n\t\t\t\t\t\t\t\tslidesToScroll: 1\n\t\t\t\t\t\t\t  }\n\t\t\t\t\t\t\t}\n\t\t\t\t\t\t],pauseOnDotsHover: true,customPaging: function(slider, i) {\n                   return '<i type=\"button\" style= \"color:#003399;\" class=\"ultsl-stop\" data-role=\"none\"><\/i>';\n                },});\n\t\t\t\t\t}\n\t\t\t\t});\n\t\t\t<\/script>\n\t\t\t[\/vc_column][vc_column width=&#8220;1\/2&#8243; el_class=&#8220;text&#8220;][vc_column_text el_class=&#8220;nadpis&#8220;]<\/p>\n<h2>Sandbestrahlung<\/h2>\n<p>[\/vc_column_text][vc_column_text]Die Sandbestrahlung oder Oberfl\u00e4chenbehandlung durch Bestrahlung erfolgt in der <strong>Sandstrahlkabine SIRSI<\/strong>\u00a0mit einer Gr\u00f6\u00dfe von 15 x 5 x 5 m.<\/p>\n<p>Die Aufbereitung der Materialoberfl\u00e4che (Stahl) erfolgt mit einer Hochdruckanlage durch die Wirkung der auftreffenden K\u00f6rnchen, die wie Schleifmaterial wirken.<\/p>\n<p>Wir bestrahlen Material mit einer St\u00e4rke ab 3 mm mit Stahlsplit, mit einer K\u00f6rnung von SA 2,5 mm.[\/vc_column_text][\/vc_column][\/vc_row][vc_row full_width=&#8220;stretch_row&#8220; equal_height=&#8220;yes&#8220; content_placement=&#8220;middle&#8220; bg_type=&#8220;bg_color&#8220; el_class=&#8220;sluzby kontent lakovanie&#8220; bg_color_value=&#8220;#f2f2f2&#8243;][vc_column width=&#8220;1\/2&#8243; el_class=&#8220;text&#8220;][vc_column_text el_class=&#8220;nadpis&#8220;]<\/p>\n<h2>Lackierung<\/h2>\n<p>[\/vc_column_text][vc_column_text]Lackiert wird in der Lackierhalle mit einer <strong>Lackierkabine mit POLYN-Einbrennung<\/strong> mit einer max. Kapazit\u00e4t bis zu 7 m vorgenommen.<\/p>\n<p>St\u00fccke mit einer Gr\u00f6\u00dfe bis zu 10 m werden in einem vorbehaltenen Raum au\u00dferhalb der Lackierkabine lackiert. Bestandteil der Lackiererei ist ein Kran mit einer Tragkraft bis zu 8 Tonnen.<\/p>\n<p>Wir verwenden Anstrichstoffe entsprechend den Anforderungen des Kunden. Wir arbeiten ununterbrochen in vier Schichten.[\/vc_column_text][\/vc_column][vc_column width=&#8220;1\/2&#8243; el_class=&#8220;obrazok&#8220;]<div id=\"ult-carousel-101846663269f347bb6d365\" class=\"ult-carousel-wrapper   ult_horizontal\" data-gutter=\"15\" data-rtl=\"false\" ><div class=\"ult-carousel-245352296569f347bb6d346 \" >[vc_single_image image=&#8220;826&#8243; img_size=&#8220;600&#215;400&#8243; alignment=&#8220;center&#8220; onclick=&#8220;link_image&#8220;][vc_single_image image=&#8220;827&#8243; img_size=&#8220;600&#215;400&#8243; alignment=&#8220;center&#8220; onclick=&#8220;link_image&#8220;][vc_single_image image=&#8220;828&#8243; img_size=&#8220;600&#215;400&#8243; alignment=&#8220;center&#8220; onclick=&#8220;link_image&#8220;][vc_single_image image=&#8220;829&#8243; img_size=&#8220;600&#215;400&#8243; alignment=&#8220;center&#8220; onclick=&#8220;link_image&#8220;][vc_single_image image=&#8220;830&#8243; img_size=&#8220;600&#215;400&#8243; alignment=&#8220;center&#8220; onclick=&#8220;link_image&#8220;]<\/div><\/div>\t\t\t<script type=\"text\/javascript\">\n\t\t\t\tjQuery(document).ready(function ($) {\n\t\t\t\t\tif( typeof jQuery('.ult-carousel-245352296569f347bb6d346').slick == \"function\"){\n\t\t\t\t\t\t$('.ult-carousel-245352296569f347bb6d346').slick({dots: true,autoplaySpeed: \"5000\",speed: \"300\",infinite: true,arrows: false,slidesToScroll:1,slidesToShow:1,swipe: true,draggable: true,touchMove: true,pauseOnHover: true,pauseOnFocus: false,responsive: [\n\t\t\t\t\t\t\t{\n\t\t\t\t\t\t\t  breakpoint: 1026,\n\t\t\t\t\t\t\t  settings: {\n\t\t\t\t\t\t\t\tslidesToShow: 1,\n\t\t\t\t\t\t\t\tslidesToScroll: 1,  \n\t\t\t\t\t\t\t  }\n\t\t\t\t\t\t\t},\n\t\t\t\t\t\t\t{\n\t\t\t\t\t\t\t  breakpoint: 1025,\n\t\t\t\t\t\t\t  settings: {\n\t\t\t\t\t\t\t\tslidesToShow: 1,\n\t\t\t\t\t\t\t\tslidesToScroll: 1\n\t\t\t\t\t\t\t  }\n\t\t\t\t\t\t\t},\n\t\t\t\t\t\t\t{\n\t\t\t\t\t\t\t  breakpoint: 760,\n\t\t\t\t\t\t\t  settings: {\n\t\t\t\t\t\t\t\tslidesToShow: 1,\n\t\t\t\t\t\t\t\tslidesToScroll: 1\n\t\t\t\t\t\t\t  }\n\t\t\t\t\t\t\t}\n\t\t\t\t\t\t],pauseOnDotsHover: true,customPaging: function(slider, i) {\n                   return '<i type=\"button\" style= \"color:#003399;\" class=\"ultsl-stop\" data-role=\"none\"><\/i>';\n                },});\n\t\t\t\t\t}\n\t\t\t\t});\n\t\t\t<\/script>\n\t\t\t[\/vc_column][\/vc_row][vc_row equal_height=&#8220;yes&#8220; content_placement=&#8220;middle&#8220; el_class=&#8220;sluzby kontent montaz&#8220; el_id=&#8220;montaz&#8220;][vc_column width=&#8220;1\/2&#8243; el_class=&#8220;obrazok&#8220;]<div id=\"ult-carousel-330766577369f347bb6d46d\" class=\"ult-carousel-wrapper   ult_horizontal\" data-gutter=\"15\" data-rtl=\"false\" ><div class=\"ult-carousel-48466346869f347bb6d44f \" >[vc_single_image image=&#8220;834&#8243; img_size=&#8220;600&#215;400&#8243; alignment=&#8220;center&#8220; onclick=&#8220;link_image&#8220;][vc_single_image image=&#8220;835&#8243; img_size=&#8220;600&#215;400&#8243; alignment=&#8220;center&#8220; onclick=&#8220;link_image&#8220;][vc_single_image image=&#8220;836&#8243; img_size=&#8220;600&#215;400&#8243; alignment=&#8220;center&#8220; onclick=&#8220;link_image&#8220;][vc_single_image image=&#8220;837&#8243; img_size=&#8220;600&#215;400&#8243; alignment=&#8220;center&#8220; onclick=&#8220;link_image&#8220;][vc_single_image image=&#8220;838&#8243; img_size=&#8220;600&#215;400&#8243; alignment=&#8220;center&#8220; onclick=&#8220;link_image&#8220;]<\/div><\/div>\t\t\t<script type=\"text\/javascript\">\n\t\t\t\tjQuery(document).ready(function ($) {\n\t\t\t\t\tif( typeof jQuery('.ult-carousel-48466346869f347bb6d44f').slick == \"function\"){\n\t\t\t\t\t\t$('.ult-carousel-48466346869f347bb6d44f').slick({dots: true,autoplaySpeed: \"5000\",speed: \"300\",infinite: true,arrows: false,slidesToScroll:1,slidesToShow:1,swipe: true,draggable: true,touchMove: true,pauseOnHover: true,pauseOnFocus: false,responsive: [\n\t\t\t\t\t\t\t{\n\t\t\t\t\t\t\t  breakpoint: 1026,\n\t\t\t\t\t\t\t  settings: {\n\t\t\t\t\t\t\t\tslidesToShow: 1,\n\t\t\t\t\t\t\t\tslidesToScroll: 1,  \n\t\t\t\t\t\t\t  }\n\t\t\t\t\t\t\t},\n\t\t\t\t\t\t\t{\n\t\t\t\t\t\t\t  breakpoint: 1025,\n\t\t\t\t\t\t\t  settings: {\n\t\t\t\t\t\t\t\tslidesToShow: 1,\n\t\t\t\t\t\t\t\tslidesToScroll: 1\n\t\t\t\t\t\t\t  }\n\t\t\t\t\t\t\t},\n\t\t\t\t\t\t\t{\n\t\t\t\t\t\t\t  breakpoint: 760,\n\t\t\t\t\t\t\t  settings: {\n\t\t\t\t\t\t\t\tslidesToShow: 1,\n\t\t\t\t\t\t\t\tslidesToScroll: 1\n\t\t\t\t\t\t\t  }\n\t\t\t\t\t\t\t}\n\t\t\t\t\t\t],pauseOnDotsHover: true,customPaging: function(slider, i) {\n                   return '<i type=\"button\" style= \"color:#003399;\" class=\"ultsl-stop\" data-role=\"none\"><\/i>';\n                },});\n\t\t\t\t\t}\n\t\t\t\t});\n\t\t\t<\/script>\n\t\t\t[\/vc_column][vc_column width=&#8220;1\/2&#8243; el_class=&#8220;text&#8220;][vc_column_text el_class=&#8220;nadpis&#8220;]<\/p>\n<h2>Montage<\/h2>\n<p>[\/vc_column_text][vc_column_text]Sie wird entsprechend der vorgelegten technischen <strong>Dokumentation und den Anforderungen<\/strong> des Kunden ausgef\u00fchrt, mit der M\u00f6glichkeit der Montage von Untergruppenkomplexen wie auch finaler Erzeugnisse.<\/p>\n<p>Die Firma hat Erfahrungen mit der <strong>Montage von maschinellen Anlagen<\/strong> auch bei Kunden im Ausland.[\/vc_column_text][\/vc_column][\/vc_row][vc_row full_width=&#8220;stretch_row_content_no_spaces&#8220; el_class=&#8220;onas&#8220; el_id=&#8220;ctarow&#8220;][vc_column]<div class=\"hover_color align_\" style=\"background-color:#c4c4c5;border-color:;\"><div class=\"hover_color_bg\" style=\"background-color:#dd2b1c;border-color:;border-width:;\"><a href=\"\/de\/kontakt\/\" class=\"\"   title=\"\"><div class=\"hover_color_wrapper\" style=\"\">Haben Sie Fragen? Nehmen Sie mit uns Kontakt auf.<\/div><\/a><\/div>\n<\/div>\n[\/vc_column][\/vc_row]<\/p>\n<\/div>","protected":false},"excerpt":{"rendered":"<p>[vc_row equal_height=&#8220;yes&#8220; content_placement=&#8220;middle&#8220; el_class=&#8220;sluzby kontent zvaranie&#8220;][vc_column width=&#8220;1\/2&#8243; el_class=&#8220;obrazok&#8220;][\/vc_column][vc_column width=&#8220;1\/2&#8243; el_class=&#8220;text&#8220;][vc_column_text el_class=&#8220;nadpis&#8220;] Schweissen [\/vc_column_text][vc_column_text]Schwei\u00dfarbeiten finden CO2 mit MAG- und TIG\/MIG-Methoden statt. Zur Verf\u00fcgung stehen 30 Schwei\u00dfaggregate\u00a0der Marke<span class=\"excerpt-hellip\"> [\u2026]<\/span><\/p>\n","protected":false},"author":4,"featured_media":0,"parent":0,"menu_order":0,"comment_status":"closed","ping_status":"closed","template":"","meta":{"inline_featured_image":false,"footnotes":""},"class_list":["post-1140","page","type-page","status-publish","hentry"],"yoast_head":"<!-- This site is optimized with the Yoast SEO plugin v26.9 - https:\/\/yoast.com\/product\/yoast-seo-wordpress\/ -->\n<title>Dienstleistungen | RKS<\/title>\n<meta name=\"description\" content=\"Schweissen Schwei\u00dfarbeiten finden CO2 mit MAG- und TIG\/MIG-Methoden statt. Zur Verf\u00fcgung stehen 30 Schwei\u00dfaggregate\u00a0der Marke LORCH und ESAB und\u00a024\" \/>\n<meta name=\"robots\" content=\"index, follow, max-snippet:-1, max-image-preview:large, max-video-preview:-1\" \/>\n<link rel=\"canonical\" href=\"https:\/\/www.rks.sk\/sluzby\/\" \/>\n<meta property=\"og:locale\" content=\"de_DE\" \/>\n<meta property=\"og:type\" content=\"article\" \/>\n<meta property=\"og:title\" content=\"Dienstleistungen | RKS\" \/>\n<meta property=\"og:description\" content=\"Schweissen Schwei\u00dfarbeiten finden CO2 mit MAG- und TIG\/MIG-Methoden statt. Zur Verf\u00fcgung stehen 30 Schwei\u00dfaggregate\u00a0der Marke LORCH und ESAB und\u00a024\" \/>\n<meta property=\"og:url\" content=\"https:\/\/www.rks.sk\/sluzby\/\" \/>\n<meta property=\"og:site_name\" content=\"RKS\" \/>\n<meta property=\"article:modified_time\" content=\"2017-11-03T13:51:19+00:00\" \/>\n<meta property=\"og:image\" content=\"https:\/\/www.rks.sk\/wp-content\/uploads\/2017\/09\/fb-rks.jpg\" \/>\n<meta name=\"twitter:card\" content=\"summary_large_image\" \/>\n<meta name=\"twitter:label1\" content=\"Gesch\u00e4tzte Lesezeit\" \/>\n\t<meta name=\"twitter:data1\" content=\"5\u00a0Minuten\" \/>\n<script type=\"application\/ld+json\" class=\"yoast-schema-graph\">{\"@context\":\"https:\/\/schema.org\",\"@graph\":[{\"@type\":\"WebPage\",\"@id\":\"https:\/\/www.rks.sk\/sluzby\/\",\"url\":\"https:\/\/www.rks.sk\/sluzby\/\",\"name\":\"Dienstleistungen | RKS\",\"isPartOf\":{\"@id\":\"https:\/\/www.rks.sk\/#website\"},\"datePublished\":\"2017-10-27T08:49:21+00:00\",\"dateModified\":\"2017-11-03T13:51:19+00:00\",\"description\":\"Schweissen Schwei\u00dfarbeiten finden CO2 mit MAG- und TIG\/MIG-Methoden statt. Zur Verf\u00fcgung stehen 30 Schwei\u00dfaggregate\u00a0der Marke LORCH und ESAB und\u00a024\",\"breadcrumb\":{\"@id\":\"https:\/\/www.rks.sk\/sluzby\/#breadcrumb\"},\"inLanguage\":\"de\",\"potentialAction\":[{\"@type\":\"ReadAction\",\"target\":[\"https:\/\/www.rks.sk\/sluzby\/\"]}]},{\"@type\":\"BreadcrumbList\",\"@id\":\"https:\/\/www.rks.sk\/sluzby\/#breadcrumb\",\"itemListElement\":[{\"@type\":\"ListItem\",\"position\":1,\"name\":\"Dom\u00e1ca str\u00e1nka\",\"item\":\"https:\/\/www.rks.sk\/\"},{\"@type\":\"ListItem\",\"position\":2,\"name\":\"Dienstleistungen\"}]},{\"@type\":\"WebSite\",\"@id\":\"https:\/\/www.rks.sk\/#website\",\"url\":\"https:\/\/www.rks.sk\/\",\"name\":\"RKS\",\"description\":\"\",\"potentialAction\":[{\"@type\":\"SearchAction\",\"target\":{\"@type\":\"EntryPoint\",\"urlTemplate\":\"https:\/\/www.rks.sk\/?s={search_term_string}\"},\"query-input\":{\"@type\":\"PropertyValueSpecification\",\"valueRequired\":true,\"valueName\":\"search_term_string\"}}],\"inLanguage\":\"de\"}]}<\/script>\n<!-- \/ Yoast SEO plugin. -->","yoast_head_json":{"title":"Dienstleistungen | RKS","description":"Schweissen Schwei\u00dfarbeiten finden CO2 mit MAG- und TIG\/MIG-Methoden statt. Zur Verf\u00fcgung stehen 30 Schwei\u00dfaggregate\u00a0der Marke LORCH und ESAB und\u00a024","robots":{"index":"index","follow":"follow","max-snippet":"max-snippet:-1","max-image-preview":"max-image-preview:large","max-video-preview":"max-video-preview:-1"},"canonical":"https:\/\/www.rks.sk\/sluzby\/","og_locale":"de_DE","og_type":"article","og_title":"Dienstleistungen | RKS","og_description":"Schweissen Schwei\u00dfarbeiten finden CO2 mit MAG- und TIG\/MIG-Methoden statt. Zur Verf\u00fcgung stehen 30 Schwei\u00dfaggregate\u00a0der Marke LORCH und ESAB und\u00a024","og_url":"https:\/\/www.rks.sk\/sluzby\/","og_site_name":"RKS","article_modified_time":"2017-11-03T13:51:19+00:00","og_image":[{"url":"https:\/\/www.rks.sk\/wp-content\/uploads\/2017\/09\/fb-rks.jpg","type":"","width":"","height":""}],"twitter_card":"summary_large_image","twitter_misc":{"Gesch\u00e4tzte Lesezeit":"5\u00a0Minuten"},"schema":{"@context":"https:\/\/schema.org","@graph":[{"@type":"WebPage","@id":"https:\/\/www.rks.sk\/sluzby\/","url":"https:\/\/www.rks.sk\/sluzby\/","name":"Dienstleistungen | RKS","isPartOf":{"@id":"https:\/\/www.rks.sk\/#website"},"datePublished":"2017-10-27T08:49:21+00:00","dateModified":"2017-11-03T13:51:19+00:00","description":"Schweissen Schwei\u00dfarbeiten finden CO2 mit MAG- und TIG\/MIG-Methoden statt. Zur Verf\u00fcgung stehen 30 Schwei\u00dfaggregate\u00a0der Marke LORCH und ESAB und\u00a024","breadcrumb":{"@id":"https:\/\/www.rks.sk\/sluzby\/#breadcrumb"},"inLanguage":"de","potentialAction":[{"@type":"ReadAction","target":["https:\/\/www.rks.sk\/sluzby\/"]}]},{"@type":"BreadcrumbList","@id":"https:\/\/www.rks.sk\/sluzby\/#breadcrumb","itemListElement":[{"@type":"ListItem","position":1,"name":"Dom\u00e1ca str\u00e1nka","item":"https:\/\/www.rks.sk\/"},{"@type":"ListItem","position":2,"name":"Dienstleistungen"}]},{"@type":"WebSite","@id":"https:\/\/www.rks.sk\/#website","url":"https:\/\/www.rks.sk\/","name":"RKS","description":"","potentialAction":[{"@type":"SearchAction","target":{"@type":"EntryPoint","urlTemplate":"https:\/\/www.rks.sk\/?s={search_term_string}"},"query-input":{"@type":"PropertyValueSpecification","valueRequired":true,"valueName":"search_term_string"}}],"inLanguage":"de"}]}},"_links":{"self":[{"href":"https:\/\/www.rks.sk\/de\/wp-json\/wp\/v2\/pages\/1140","targetHints":{"allow":["GET"]}}],"collection":[{"href":"https:\/\/www.rks.sk\/de\/wp-json\/wp\/v2\/pages"}],"about":[{"href":"https:\/\/www.rks.sk\/de\/wp-json\/wp\/v2\/types\/page"}],"author":[{"embeddable":true,"href":"https:\/\/www.rks.sk\/de\/wp-json\/wp\/v2\/users\/4"}],"replies":[{"embeddable":true,"href":"https:\/\/www.rks.sk\/de\/wp-json\/wp\/v2\/comments?post=1140"}],"version-history":[{"count":0,"href":"https:\/\/www.rks.sk\/de\/wp-json\/wp\/v2\/pages\/1140\/revisions"}],"wp:attachment":[{"href":"https:\/\/www.rks.sk\/de\/wp-json\/wp\/v2\/media?parent=1140"}],"curies":[{"name":"wp","href":"https:\/\/api.w.org\/{rel}","templated":true}]}}